{"id":49,"date":"2015-04-13T23:12:22","date_gmt":"2015-04-13T21:12:22","guid":{"rendered":"http:\/\/www.veedubclub.com\/v1\/?page_id=49"},"modified":"2017-02-13T06:49:44","modified_gmt":"2017-02-13T05:49:44","slug":"kontakt","status":"publish","type":"page","link":"https:\/\/www.veedubclub.com\/v1\/kontakt\/","title":{"rendered":"Impressum"},"content":{"rendered":"<p>veedubclub e.V.<\/p>\n<p>Peter-Fix-Stra\u00dfe 30<br \/>\n53474 Bad Neuenahr-Ahrweiler<\/p>\n<p>Telefon: 02641\/917891<br \/>\nE-Mail: kontakt@veedubclub.com<\/p>\n<p><strong>Vertreten durch:<\/strong><\/p>\n<p>Christoph Knechtges<\/p>\n<p>Peter-Fix-Stra\u00dfe 30<br \/>\n53474 Bad Neuenahr-Ahrweiler<br \/>\nE-Mail: vorstand@veedubclub.com<\/p>\n<p>Registereintrag: Eingetragen im Vereinsregister.<\/p>\n<p>Registergericht: Amtsgericht Koblenz<\/p>\n<p>Registernummer: VR 21519<\/p>\n<p><strong>Disclaimer \u2013 rechtliche Hinweise<\/strong><\/p>\n<p>\u00a7 1 Warnhinweis zu Inhalten<br \/>\nDie kostenlosen und frei zug\u00e4nglichen Inhalte dieser Webseite wurden mit gr\u00f6\u00dftm\u00f6glicher Sorgfalt erstellt. Der Anbieter dieser Webseite \u00fcbernimmt jedoch keine Gew\u00e4hr f\u00fcr die Richtigkeit und Aktualit\u00e4t der bereitgestellten kostenlosen und frei zug\u00e4nglichen journalistischen Ratgeber und Nachrichten. Namentlich gekennzeichnete Beitr\u00e4ge geben die Meinung des jeweiligen Autors und nicht immer die Meinung des Anbieters wieder. Allein durch den Aufruf der kostenlosen und frei zug\u00e4nglichen Inhalte kommt keinerlei Vertragsverh\u00e4ltnis zwischen dem Nutzer und dem Anbieter zustande, insoweit fehlt es am Rechtsbindungswillen des Anbieters.<\/p>\n<p>\u00a7 2 Externe Links<br \/>\nDiese Website enth\u00e4lt Verkn\u00fcpfungen zu Websites Dritter (&#8220;externe Links&#8221;). Diese Websites unterliegen der Haftung der jeweiligen Betreiber. Der Anbieter hat bei der erstmaligen Verkn\u00fcpfung der externen Links die fremden Inhalte daraufhin \u00fcberpr\u00fcft, ob etwaige Rechtsverst\u00f6\u00dfe bestehen. Zu dem Zeitpunkt waren keine Rechtsverst\u00f6\u00dfe ersichtlich. Der Anbieter hat keinerlei Einfluss auf die aktuelle und zuk\u00fcnftige Gestaltung und auf die Inhalte der verkn\u00fcpften Seiten. Das Setzen von externen Links bedeutet nicht, dass sich der Anbieter die hinter dem Verweis oder Link liegenden Inhalte zu Eigen macht. Eine st\u00e4ndige Kontrolle der externen Links ist f\u00fcr den Anbieter ohne konkrete Hinweise auf Rechtsverst\u00f6\u00dfe nicht zumutbar. Bei Kenntnis von Rechtsverst\u00f6\u00dfen werden jedoch derartige externe Links unverz\u00fcglich gel\u00f6scht.<\/p>\n","protected":false},"excerpt":{"rendered":"<p>veedubclub e.V. Peter-Fix-Stra\u00dfe 30 53474 Bad Neuenahr-Ahrweiler Telefon: 02641\/917891 E-Mail: kontakt@veedubclub.com Vertreten durch: Christoph Knechtges Peter-Fix-Stra\u00dfe 30 53474 Bad Neuenahr-Ahrweiler E-Mail: vorstand@veedubclub.com Registereintrag: Eingetragen im Vereinsregister. Registergericht: Amtsgericht Koblenz Registernummer: VR 21519 Disclaimer \u2013 rechtliche Hinweise \u00a7 1 Warnhinweis zu Inhalten Die kostenlosen und frei zug\u00e4nglichen Inhalte dieser Webseite wurden mit gr\u00f6\u00dftm\u00f6glicher Sorgfalt erstellt. Der Anbieter dieser Webseite \u00fcbernimmt jedoch keine Gew\u00e4hr f\u00fcr die Richtigkeit und Aktualit\u00e4t der bereitgestellten kostenlosen und frei zug\u00e4nglichen journalistischen Ratgeber und Nachrichten. Namentlich gekennzeichnete Beitr\u00e4ge geben die Meinung des jeweiligen Autors und nicht immer die Meinung des Anbieters wieder. Allein durch den Aufruf der kostenlosen und frei zug\u00e4nglichen Inhalte kommt keinerlei Vertragsverh\u00e4ltnis zwischen dem Nutzer und dem Anbieter zustande, insoweit fehlt es am Rechtsbindungswillen des Anbieters. \u00a7 2 Externe Links Diese Website enth\u00e4lt Verkn\u00fcpfungen zu Websites Dritter (&#8220;externe Links&#8221;). Diese Websites unterliegen der Haftung der jeweiligen Betreiber. Der Anbieter hat bei der erstmaligen Verkn\u00fcpfung der externen Links die fremden Inhalte daraufhin \u00fcberpr\u00fcft, ob etwaige Rechtsverst\u00f6\u00dfe bestehen. Zu dem Zeitpunkt waren keine Rechtsverst\u00f6\u00dfe ersichtlich. Der Anbieter hat keinerlei Einfluss auf die aktuelle und zuk\u00fcnftige Gestaltung und auf die Inhalte der verkn\u00fcpften Seiten. Das Setzen von externen Links bedeutet nicht, dass sich der Anbieter die hinter dem Verweis oder Link liegenden Inhalte zu Eigen macht. Eine st\u00e4ndige Kontrolle der externen Links ist f\u00fcr den Anbieter ohne konkrete Hinweise auf Rechtsverst\u00f6\u00dfe nicht zumutbar. Bei Kenntnis von Rechtsverst\u00f6\u00dfen werden jedoch derartige externe Links unverz\u00fcglich gel\u00f6scht.<\/p>\n","protected":false},"author":1,"featured_media":0,"parent":0,"menu_order":0,"comment_status":"closed","ping_status":"closed","template":"","meta":{"footnotes":""},"page_tag":[],"class_list":["post-49","page","type-page","status-publish","hentry"],"_links":{"self":[{"href":"https:\/\/www.veedubclub.com\/v1\/wp-json\/wp\/v2\/pages\/49","targetHints":{"allow":["GET"]}}],"collection":[{"href":"https:\/\/www.veedubclub.com\/v1\/wp-json\/wp\/v2\/pages"}],"about":[{"href":"https:\/\/www.veedubclub.com\/v1\/wp-json\/wp\/v2\/types\/page"}],"author":[{"embeddable":true,"href":"https:\/\/www.veedubclub.com\/v1\/wp-json\/wp\/v2\/users\/1"}],"replies":[{"embeddable":true,"href":"https:\/\/www.veedubclub.com\/v1\/wp-json\/wp\/v2\/comments?post=49"}],"version-history":[{"count":4,"href":"https:\/\/www.veedubclub.com\/v1\/wp-json\/wp\/v2\/pages\/49\/revisions"}],"predecessor-version":[{"id":793,"href":"https:\/\/www.veedubclub.com\/v1\/wp-json\/wp\/v2\/pages\/49\/revisions\/793"}],"wp:attachment":[{"href":"https:\/\/www.veedubclub.com\/v1\/wp-json\/wp\/v2\/media?parent=49"}],"wp:term":[{"taxonomy":"page_tag","embeddable":true,"href":"https:\/\/www.veedubclub.com\/v1\/wp-json\/wp\/v2\/page_tag?post=49"}],"curies":[{"name":"wp","href":"https:\/\/api.w.org\/{rel}","templated":true}]}}